{"id":665,"date":"2022-08-21T12:26:08","date_gmt":"2022-08-21T10:26:08","guid":{"rendered":"https:\/\/skarzynski.eu\/index.php\/strona-glowna\/"},"modified":"2022-08-21T12:26:11","modified_gmt":"2022-08-21T10:26:11","slug":"strona-glowna","status":"publish","type":"page","link":"https:\/\/skarzynski.eu\/index.php\/strona-glowna\/","title":{"rendered":"Strona g\u0142\u00f3wna"},"content":{"rendered":"\n\t\t\t<div class=\"wp-block-cover\" style=\"background-image:url(https:\/\/skarzynski.eu\/wp-content\/uploads\/2022\/08\/other-small.jpg)\"><div class=\"wp-block-cover__inner-container is-layout-flow wp-block-cover-is-layout-flow\">\n\t\t\t<p class=\"has-text-align-center has-large-font-size\">Witamy w sklepie<\/p>\n\t\t\t\n\n\t\t\t\n\t\t\t<p class=\"has-text-color has-text-align-center\">Napisz kr\u00f3tk\u0105 wiadomo\u015b\u0107 powitaln\u0105<\/p>\n\t\t\t\n\n\t\t\t\n\t\t\t<div class=\"wp-block-button aligncenter\"><a href=\"https:\/\/skarzynski.eu\/index.php\/sklep\/\" class=\"wp-block-button__link\">Przejd\u017a do zakup\u00f3w<\/a><\/div>\n\t\t\t<\/div><\/div>\n\t\t\t\n\t\t\n\t\t<h2 class=\"wp-block-heading\" style=\"text-align:center\">Nowe produkty<\/h2>\n\t\t\n\n\t\t<div data-block-name=\"woocommerce\/product-new\" class=\"wc-block-grid wp-block-product-new wp-block-woocommerce-product-new wc-block-product-new has-3-columns has-multiple-rows\"><ul class=\"wc-block-grid__products\"><li class=\"wc-block-grid__product\">\n\t\t\t\t<a href=\"https:\/\/skarzynski.eu\/index.php\/produkt\/lot-zapoznawczy-30min-kopia\/\" class=\"wc-block-grid__product-link\">\n\t\t\t\t\t\n\t\t\t\t\t<div class=\"wc-block-grid__product-image\"><img loading=\"lazy\" decoding=\"async\" width=\"300\" height=\"300\" src=\"https:\/\/i0.wp.com\/skarzynski.eu\/wp-content\/uploads\/2022\/08\/292978748_1115322659191719_2186261246542772532_n2.jpg?resize=300%2C300&amp;ssl=1\" class=\"attachment-woocommerce_thumbnail size-woocommerce_thumbnail\" alt=\"Lot zapoznawczy 60min\" srcset=\"https:\/\/i0.wp.com\/skarzynski.eu\/wp-content\/uploads\/2022\/08\/292978748_1115322659191719_2186261246542772532_n2.jpg?resize=300%2C300&amp;ssl=1 300w, https:\/\/i0.wp.com\/skarzynski.eu\/wp-content\/uploads\/2022\/08\/292978748_1115322659191719_2186261246542772532_n2.jpg?resize=100%2C100&amp;ssl=1 100w, https:\/\/i0.wp.com\/skarzynski.eu\/wp-content\/uploads\/2022\/08\/292978748_1115322659191719_2186261246542772532_n2.jpg?resize=150%2C150&amp;ssl=1 150w, https:\/\/i0.wp.com\/skarzynski.eu\/wp-content\/uploads\/2022\/08\/292978748_1115322659191719_2186261246542772532_n2.jpg?zoom=2&amp;resize=300%2C300&amp;ssl=1 600w, https:\/\/i0.wp.com\/skarzynski.eu\/wp-content\/uploads\/2022\/08\/292978748_1115322659191719_2186261246542772532_n2.jpg?zoom=3&amp;resize=300%2C300&amp;ssl=1 900w\" sizes=\"auto, (max-width: 300px) 100vw, 300px\" \/><\/div>\n\t\t\t\t\t<div class=\"wc-block-grid__product-title\">Lot zapoznawczy 60min<\/div>\n\t\t\t\t<\/a>\n\t\t\t\t<div class=\"wc-block-grid__product-price price\"><span class=\"woocommerce-Price-amount amount\">949,00&nbsp;<span class=\"woocommerce-Price-currencySymbol\">&#122;&#322;<\/span><\/span><\/div>\n\t\t\t\t\n\t\t\t\t<div class=\"wp-block-button wc-block-grid__product-add-to-cart\"><a href=\"\/index.php\/wp-json\/wp\/v2\/pages\/665?add-to-cart=1067\" aria-label=\"Dodaj do koszyka: &bdquo;Lot zapoznawczy 60min&rdquo;\" data-quantity=\"1\" data-product_id=\"1067\" data-product_sku=\"\" data-price=\"949\" rel=\"nofollow\" class=\"wp-block-button__link  add_to_cart_button ajax_add_to_cart\">Dodaj do koszyka<\/a><\/div>\n\t\t\t<\/li><li class=\"wc-block-grid__product\">\n\t\t\t\t<a href=\"https:\/\/skarzynski.eu\/index.php\/produkt\/lot-zapoznawczy-30min\/\" class=\"wc-block-grid__product-link\">\n\t\t\t\t\t\n\t\t\t\t\t<div class=\"wc-block-grid__product-image\"><img loading=\"lazy\" decoding=\"async\" width=\"300\" height=\"300\" src=\"https:\/\/i0.wp.com\/skarzynski.eu\/wp-content\/uploads\/2022\/08\/292978748_1115322659191719_2186261246542772532_n2.jpg?resize=300%2C300&amp;ssl=1\" class=\"attachment-woocommerce_thumbnail size-woocommerce_thumbnail\" alt=\"Lot zapoznawczy 30min\" srcset=\"https:\/\/i0.wp.com\/skarzynski.eu\/wp-content\/uploads\/2022\/08\/292978748_1115322659191719_2186261246542772532_n2.jpg?resize=300%2C300&amp;ssl=1 300w, https:\/\/i0.wp.com\/skarzynski.eu\/wp-content\/uploads\/2022\/08\/292978748_1115322659191719_2186261246542772532_n2.jpg?resize=100%2C100&amp;ssl=1 100w, https:\/\/i0.wp.com\/skarzynski.eu\/wp-content\/uploads\/2022\/08\/292978748_1115322659191719_2186261246542772532_n2.jpg?resize=150%2C150&amp;ssl=1 150w, https:\/\/i0.wp.com\/skarzynski.eu\/wp-content\/uploads\/2022\/08\/292978748_1115322659191719_2186261246542772532_n2.jpg?zoom=2&amp;resize=300%2C300&amp;ssl=1 600w, https:\/\/i0.wp.com\/skarzynski.eu\/wp-content\/uploads\/2022\/08\/292978748_1115322659191719_2186261246542772532_n2.jpg?zoom=3&amp;resize=300%2C300&amp;ssl=1 900w\" sizes=\"auto, (max-width: 300px) 100vw, 300px\" \/><\/div>\n\t\t\t\t\t<div class=\"wc-block-grid__product-title\">Lot zapoznawczy 30min<\/div>\n\t\t\t\t<\/a>\n\t\t\t\t<div class=\"wc-block-grid__product-price price\"><span class=\"woocommerce-Price-amount amount\">599,00&nbsp;<span class=\"woocommerce-Price-currencySymbol\">&#122;&#322;<\/span><\/span><\/div>\n\t\t\t\t\n\t\t\t\t<div class=\"wp-block-button wc-block-grid__product-add-to-cart\"><a href=\"\/index.php\/wp-json\/wp\/v2\/pages\/665?add-to-cart=815\" aria-label=\"Dodaj do koszyka: &bdquo;Lot zapoznawczy 30min&rdquo;\" data-quantity=\"1\" data-product_id=\"815\" data-product_sku=\"\" data-price=\"599\" rel=\"nofollow\" class=\"wp-block-button__link  add_to_cart_button ajax_add_to_cart\">Dodaj do koszyka<\/a><\/div>\n\t\t\t<\/li><li class=\"wc-block-grid__product\">\n\t\t\t\t<a href=\"https:\/\/skarzynski.eu\/index.php\/produkt\/v-neck-t-shirt\/\" class=\"wc-block-grid__product-link\">\n\t\t\t\t\t\n\t\t\t\t\t<div class=\"wc-block-grid__product-image\"><img loading=\"lazy\" decoding=\"async\" width=\"300\" height=\"300\" src=\"https:\/\/i0.wp.com\/skarzynski.eu\/wp-content\/uploads\/2022\/08\/292978748_1115322659191719_2186261246542772532_n2.jpg?resize=300%2C300&amp;ssl=1\" class=\"attachment-woocommerce_thumbnail size-woocommerce_thumbnail\" alt=\"Lot zapoznawczy 15min\" srcset=\"https:\/\/i0.wp.com\/skarzynski.eu\/wp-content\/uploads\/2022\/08\/292978748_1115322659191719_2186261246542772532_n2.jpg?resize=300%2C300&amp;ssl=1 300w, https:\/\/i0.wp.com\/skarzynski.eu\/wp-content\/uploads\/2022\/08\/292978748_1115322659191719_2186261246542772532_n2.jpg?resize=100%2C100&amp;ssl=1 100w, https:\/\/i0.wp.com\/skarzynski.eu\/wp-content\/uploads\/2022\/08\/292978748_1115322659191719_2186261246542772532_n2.jpg?resize=150%2C150&amp;ssl=1 150w, https:\/\/i0.wp.com\/skarzynski.eu\/wp-content\/uploads\/2022\/08\/292978748_1115322659191719_2186261246542772532_n2.jpg?zoom=2&amp;resize=300%2C300&amp;ssl=1 600w, https:\/\/i0.wp.com\/skarzynski.eu\/wp-content\/uploads\/2022\/08\/292978748_1115322659191719_2186261246542772532_n2.jpg?zoom=3&amp;resize=300%2C300&amp;ssl=1 900w\" sizes=\"auto, (max-width: 300px) 100vw, 300px\" \/><\/div>\n\t\t\t\t\t<div class=\"wc-block-grid__product-title\">Lot zapoznawczy 15min<\/div>\n\t\t\t\t<\/a>\n\t\t\t\t<div class=\"wc-block-grid__product-price price\"><span class=\"woocommerce-Price-amount amount\">399,00&nbsp;<span class=\"woocommerce-Price-currencySymbol\">&#122;&#322;<\/span><\/span><\/div>\n\t\t\t\t\n\t\t\t\t<div class=\"wp-block-button wc-block-grid__product-add-to-cart\"><a href=\"\/index.php\/wp-json\/wp\/v2\/pages\/665?add-to-cart=585\" aria-label=\"Dodaj do koszyka: &bdquo;Lot zapoznawczy 15min&rdquo;\" data-quantity=\"1\" data-product_id=\"585\" data-product_sku=\"\" data-price=\"399\" rel=\"nofollow\" class=\"wp-block-button__link  add_to_cart_button ajax_add_to_cart\">Dodaj do koszyka<\/a><\/div>\n\t\t\t<\/li><\/ul><\/div> \n\t\t\t<div class=\"wp-block-media-text alignwide has-media-on-the-right\"\"><figure class=\"wp-block-media-text__media\"><img data-recalc-dims=\"1\" loading=\"lazy\" decoding=\"async\" width=\"1920\" height=\"1280\" src=\"https:\/\/i0.wp.com\/skarzynski.eu\/wp-content\/uploads\/2022\/08\/other-small.jpg?resize=1920%2C1280&#038;ssl=1\" alt=\"\" class=\"wp-image-666\" srcset=\"https:\/\/i0.wp.com\/skarzynski.eu\/wp-content\/uploads\/2022\/08\/other-small.jpg?w=1920&amp;ssl=1 1920w, https:\/\/i0.wp.com\/skarzynski.eu\/wp-content\/uploads\/2022\/08\/other-small.jpg?resize=300%2C200&amp;ssl=1 300w, https:\/\/i0.wp.com\/skarzynski.eu\/wp-content\/uploads\/2022\/08\/other-small.jpg?resize=1024%2C683&amp;ssl=1 1024w, https:\/\/i0.wp.com\/skarzynski.eu\/wp-content\/uploads\/2022\/08\/other-small.jpg?resize=768%2C512&amp;ssl=1 768w, https:\/\/i0.wp.com\/skarzynski.eu\/wp-content\/uploads\/2022\/08\/other-small.jpg?resize=1536%2C1024&amp;ssl=1 1536w, https:\/\/i0.wp.com\/skarzynski.eu\/wp-content\/uploads\/2022\/08\/other-small.jpg?resize=1320%2C880&amp;ssl=1 1320w, https:\/\/i0.wp.com\/skarzynski.eu\/wp-content\/uploads\/2022\/08\/other-small.jpg?resize=600%2C400&amp;ssl=1 600w\" sizes=\"auto, (max-width: 1000px) 100vw, 1000px\" \/><\/figure><div class=\"wp-block-media-text__content\">\n\t\t\t<p class=\"has-large-font-size\"><\/p>\n\t\t\t<\/div><\/div>\n\t\t\t\n\t\t\t<div class=\"wp-block-media-text alignwide\"\"><figure class=\"wp-block-media-text__media\"><img data-recalc-dims=\"1\" loading=\"lazy\" decoding=\"async\" width=\"1920\" height=\"1280\" src=\"https:\/\/i0.wp.com\/skarzynski.eu\/wp-content\/uploads\/2022\/08\/other-small.jpg?resize=1920%2C1280&#038;ssl=1\" alt=\"\" class=\"wp-image-666\" srcset=\"https:\/\/i0.wp.com\/skarzynski.eu\/wp-content\/uploads\/2022\/08\/other-small.jpg?w=1920&amp;ssl=1 1920w, https:\/\/i0.wp.com\/skarzynski.eu\/wp-content\/uploads\/2022\/08\/other-small.jpg?resize=300%2C200&amp;ssl=1 300w, https:\/\/i0.wp.com\/skarzynski.eu\/wp-content\/uploads\/2022\/08\/other-small.jpg?resize=1024%2C683&amp;ssl=1 1024w, https:\/\/i0.wp.com\/skarzynski.eu\/wp-content\/uploads\/2022\/08\/other-small.jpg?resize=768%2C512&amp;ssl=1 768w, https:\/\/i0.wp.com\/skarzynski.eu\/wp-content\/uploads\/2022\/08\/other-small.jpg?resize=1536%2C1024&amp;ssl=1 1536w, https:\/\/i0.wp.com\/skarzynski.eu\/wp-content\/uploads\/2022\/08\/other-small.jpg?resize=1320%2C880&amp;ssl=1 1320w, https:\/\/i0.wp.com\/skarzynski.eu\/wp-content\/uploads\/2022\/08\/other-small.jpg?resize=600%2C400&amp;ssl=1 600w\" sizes=\"auto, (max-width: 1000px) 100vw, 1000px\" \/><\/figure><div class=\"wp-block-media-text__content\">\n\t\t\t<p class=\"has-large-font-size\"><\/p>\n\t\t\t<\/div><\/div>\n\t\t\t\n\t\t\t<div class=\"wp-block-media-text alignwide has-media-on-the-right\"\"><figure class=\"wp-block-media-text__media\"><img data-recalc-dims=\"1\" loading=\"lazy\" decoding=\"async\" width=\"1920\" height=\"1280\" src=\"https:\/\/i0.wp.com\/skarzynski.eu\/wp-content\/uploads\/2022\/08\/other-small.jpg?resize=1920%2C1280&#038;ssl=1\" alt=\"\" class=\"wp-image-666\" srcset=\"https:\/\/i0.wp.com\/skarzynski.eu\/wp-content\/uploads\/2022\/08\/other-small.jpg?w=1920&amp;ssl=1 1920w, https:\/\/i0.wp.com\/skarzynski.eu\/wp-content\/uploads\/2022\/08\/other-small.jpg?resize=300%2C200&amp;ssl=1 300w, https:\/\/i0.wp.com\/skarzynski.eu\/wp-content\/uploads\/2022\/08\/other-small.jpg?resize=1024%2C683&amp;ssl=1 1024w, https:\/\/i0.wp.com\/skarzynski.eu\/wp-content\/uploads\/2022\/08\/other-small.jpg?resize=768%2C512&amp;ssl=1 768w, https:\/\/i0.wp.com\/skarzynski.eu\/wp-content\/uploads\/2022\/08\/other-small.jpg?resize=1536%2C1024&amp;ssl=1 1536w, https:\/\/i0.wp.com\/skarzynski.eu\/wp-content\/uploads\/2022\/08\/other-small.jpg?resize=1320%2C880&amp;ssl=1 1320w, https:\/\/i0.wp.com\/skarzynski.eu\/wp-content\/uploads\/2022\/08\/other-small.jpg?resize=600%2C400&amp;ssl=1 600w\" sizes=\"auto, (max-width: 1000px) 100vw, 1000px\" \/><\/figure><div class=\"wp-block-media-text__content\">\n\t\t\t<p class=\"has-large-font-size\"><\/p>\n\t\t\t<\/div><\/div>\n\t\t\t\n\n\t\t","protected":false},"excerpt":{"rendered":"<p>Nowe produkty<\/p>\n","protected":false},"author":1,"featured_media":0,"parent":0,"menu_order":0,"comment_status":"closed","ping_status":"closed","template":"","meta":{"footnotes":""},"class_list":["post-665","page","type-page","status-publish","hentry"],"jetpack-related-posts":[{"id":32,"url":"https:\/\/skarzynski.eu\/","url_meta":{"origin":665,"position":0},"title":"Front Page","author":"admin","date":"20 sierpnia 2022","format":false,"excerpt":"Wyloty z lotniska Chrcynno obok Nasielska Zobacz lokalizacje Przed przyjazdem prosimy o um\u00f3wienie lotu tel. 518 576 945 le\u0107 z nami Wybierz czas trwania lotu. 15 minut - 449z\u0142 30 minut - 669z\u0142 60 minut - 1049z\u0142 poznaj wiatrakowca Przed lotem zrobimy wsp\u00f3lnie przegl\u0105d. zasady lotu Opowiemy w jaki spos\u00f3b\u2026","rel":"","context":"Podobny wpis","block_context":{"text":"Podobny wpis","link":""},"img":{"alt_text":"","src":"https:\/\/i0.wp.com\/skarzynski.eu\/wp-content\/uploads\/2022\/08\/cropped-292978748_1115322659191719_2186261246542772532_n2.jpg?resize=350%2C200&ssl=1","width":350,"height":200,"srcset":"https:\/\/i0.wp.com\/skarzynski.eu\/wp-content\/uploads\/2022\/08\/cropped-292978748_1115322659191719_2186261246542772532_n2.jpg?resize=350%2C200&ssl=1 1x, https:\/\/i0.wp.com\/skarzynski.eu\/wp-content\/uploads\/2022\/08\/cropped-292978748_1115322659191719_2186261246542772532_n2.jpg?resize=525%2C300&ssl=1 1.5x, https:\/\/i0.wp.com\/skarzynski.eu\/wp-content\/uploads\/2022\/08\/cropped-292978748_1115322659191719_2186261246542772532_n2.jpg?resize=700%2C400&ssl=1 2x, https:\/\/i0.wp.com\/skarzynski.eu\/wp-content\/uploads\/2022\/08\/cropped-292978748_1115322659191719_2186261246542772532_n2.jpg?resize=1050%2C600&ssl=1 3x, https:\/\/i0.wp.com\/skarzynski.eu\/wp-content\/uploads\/2022\/08\/cropped-292978748_1115322659191719_2186261246542772532_n2.jpg?resize=1400%2C800&ssl=1 4x"},"classes":[]}],"jetpack_sharing_enabled":true,"_links":{"self":[{"href":"https:\/\/skarzynski.eu\/index.php\/wp-json\/wp\/v2\/pages\/665","targetHints":{"allow":["GET"]}}],"collection":[{"href":"https:\/\/skarzynski.eu\/index.php\/wp-json\/wp\/v2\/pages"}],"about":[{"href":"https:\/\/skarzynski.eu\/index.php\/wp-json\/wp\/v2\/types\/page"}],"author":[{"embeddable":true,"href":"https:\/\/skarzynski.eu\/index.php\/wp-json\/wp\/v2\/users\/1"}],"replies":[{"embeddable":true,"href":"https:\/\/skarzynski.eu\/index.php\/wp-json\/wp\/v2\/comments?post=665"}],"version-history":[{"count":1,"href":"https:\/\/skarzynski.eu\/index.php\/wp-json\/wp\/v2\/pages\/665\/revisions"}],"predecessor-version":[{"id":667,"href":"https:\/\/skarzynski.eu\/index.php\/wp-json\/wp\/v2\/pages\/665\/revisions\/667"}],"wp:attachment":[{"href":"https:\/\/skarzynski.eu\/index.php\/wp-json\/wp\/v2\/media?parent=665"}],"curies":[{"name":"wp","href":"https:\/\/api.w.org\/{rel}","templated":true}]}}